{"id":6469,"date":"2025-09-26T13:52:07","date_gmt":"2025-09-26T13:52:07","guid":{"rendered":"https:\/\/crotone.globalcruiseports.com\/terms-of-use\/"},"modified":"2025-10-10T10:23:45","modified_gmt":"2025-10-10T10:23:45","slug":"condizioni-duso","status":"publish","type":"page","link":"https:\/\/crotonecruiseport.com\/it\/condizioni-duso\/","title":{"rendered":"Condizioni D&#8217;uso"},"content":{"rendered":"\r\n<section class=\"section page page-policy footer-space-mr \">\r\n\t<div class=\"container\">\r\n\t    <div class=\"row flex align-i-end\">\r\n        <div class=\"cl-5 page-header\">\r\n            <h5>CONDIZIONI D&#8217;USO<\/h5>\r\n            <h1>\r\n                Condizioni<br \/>\r\n                <span class=\"primary-color\">D&#8217;uso<\/span>\r\n            <\/h1>\r\n        <\/div>\r\n        <div class=\"cl-7 page-description\">\r\n            Le presenti Condizioni d&#8217;uso (di seguito denominate \u201cCondizioni\u201d) regolano l&#8217;accesso e l&#8217;utilizzo del sito web <strong><a class=\"primary-color\" href=\"https:\/\/www.crotonecruiseport.com\">https:\/\/www.crotonecruiseport.com<\/a><\/strong>(il \u201cSito web\u201d) e dei servizi forniti da Global Ports Holding Limited e dalle sue controllate operanti a Crotone (collettivamente denominate \u201cFORNITORE\u201d, \u201cnoi\u201d, \u201cci\u201d o \u2018nostro\u2019).        <\/div>\r\n    <\/div>\r\n\t\t<div class=\"row flex page-sub-menu\">\r\n\t\t\t<div class=\"cl-12\">\r\n\t\t\t\t<ul class=\"flex align-i-center justify-c-center\">\r\n\t\t\t\t\t<li id=\"menu-item-6415\" class=\"menu-item menu-item-type-post_type menu-item-object-page menu-item-6415\"><a href=\"https:\/\/crotonecruiseport.com\/it\/sulla-privacy\/\">Sulla Privacy<\/a><\/li>\n<li id=\"menu-item-6477\" class=\"menu-item menu-item-type-post_type menu-item-object-page menu-item-6477\"><a href=\"https:\/\/crotonecruiseport.com\/it\/condizioni-duso\/\">Condizioni D&#8217;uso<\/a><\/li>\n<li id=\"menu-item-6478\" class=\"menu-item menu-item-type-post_type menu-item-object-page menu-item-6478\"><a href=\"https:\/\/crotonecruiseport.com\/it\/informazioni-legali\/\">Informazioni Legali<\/a><\/li>\n<li id=\"menu-item-6407\" class=\"menu-item menu-item-type-post_type menu-item-object-page menu-item-6407\"><a href=\"https:\/\/crotonecruiseport.com\/it\/politica-sui-cookie\/\">Politica sui cookie<\/a><\/li>\n\t\t\t\t<\/ul>\r\n\t\t\t<\/div>\r\n\t\t<\/div>\r\n\t\t<div class=\"row flex page-content justify-c-center\">\r\n\t\t\t<div class=\"cl-10 text-justify\">\r\n\t\t\t\t<b>CONDIZIONI D&#8217;USO<\/b>\r\n<ol>\r\n \t<li><b> INTRODUZIONE<\/b><\/li>\r\n<\/ol>\r\n<span style=\"font-weight: 400;\">Le presenti <\/span><b>Condizioni d&#8217;uso<\/b><span style=\"font-weight: 400;\"> (di seguito denominate <\/span><b>\u201cCondizioni\u201d<\/b><span style=\"font-weight: 400;\">) regolano l&#8217;accesso e l&#8217;utilizzo del sito web <\/span><strong><a class=\"primary-color\" href=\"https:\/\/www.crotonecruiseport.com\">https:\/\/www.crotonecruiseport.com<\/a><\/strong><b>\u00a0<\/b><span style=\"font-weight: 400;\">(il <\/span><b>\u201cSito web\u201d<\/b><span style=\"font-weight: 400;\">) e dei servizi forniti da <\/span><b>Global Ports Holding Limited<\/b><span style=\"font-weight: 400;\"> e dalle sue controllate operanti a <\/span><b>Crotone<\/b><span style=\"font-weight: 400;\"> (collettivamente denominate <\/span><b>\u201cFORNITORE\u201d, \u201cnoi\u201d, \u201cci\u201d o \u2018nostro\u2019<\/b><span style=\"font-weight: 400;\">).<\/span>\r\n\r\n<span style=\"font-weight: 400;\">Accedendo al Sito web o utilizzando i nostri servizi, l&#8217;utente (l&#8217;\u201c<\/span><b>UTENTE\u201d<\/b><span style=\"font-weight: 400;\">) accetta di essere vincolato dai presenti Termini.<\/span>\r\n\r\n<span style=\"font-weight: 400;\">Accettando i presenti Termini, l&#8217;UTENTE:<\/span>\r\n<ul>\r\n \t<li style=\"font-weight: 400;\" aria-level=\"1\"><b>Conferma di aver letto, compreso e accettato i presenti Termini.<\/b><\/li>\r\n \t<li style=\"font-weight: 400;\" aria-level=\"1\"><b>Dichiara<\/b><span style=\"font-weight: 400;\"> di avere la capacit\u00e0 giuridica di stipulare contratti in conformit\u00e0 con il Codice Civile italiano (<\/span><i><span style=\"font-weight: 400;\">Codice Civile<\/span><\/i><span style=\"font-weight: 400;\">).<\/span><\/li>\r\n \t<li style=\"font-weight: 400;\" aria-level=\"1\"><b>Si assume<\/b><span style=\"font-weight: 400;\"> tutti gli obblighi e le responsabilit\u00e0 qui indicati.<\/span><\/li>\r\n<\/ul>\r\n<span style=\"font-weight: 400;\">I presenti Termini rimangono validi a tempo indeterminato e si applicano a tutte le interazioni con il Sito web, salvo diversa indicazione da parte del FORNITORE.<\/span>\r\n\r\n<span style=\"font-weight: 400;\">Il FORNITORE si riserva il diritto di modificare unilateralmente i presenti Termini in qualsiasi momento, a condizione che tali modifiche non abbiano effetto retroattivo sui servizi o sugli accordi gi\u00e0 eseguiti. Eventuali modifiche saranno comunicate attraverso il Sito web o altri canali appropriati, in conformit\u00e0 con gli articoli 49-51 del Codice del Consumo italiano e le disposizioni pertinenti del Decreto Legislativo n. 70\/2003 (attuazione della Direttiva sul commercio elettronico).<\/span>\r\n\r\n&nbsp;\r\n\r\n<b>2. PARTI DEL CONTRATTO<\/b>\r\n\r\n<span style=\"font-weight: 400;\">Le parti contraenti delle presenti Condizioni sono:<\/span>\r\n<ul>\r\n \t<li style=\"font-weight: 400;\" aria-level=\"1\"><b>Il FORNITORE: <\/b><span style=\"font-weight: 400;\">Global Ports Holding Limited, societ\u00e0 registrata in Inghilterra e Galles con sede legale in 35 Albemarle Street, 3rd Floor, W1S 4JD, Londra \u2013 Regno Unito, e sede operativa in Banchina di Riva &#8211; porto, 88900 Crotone &#8211; Italia<\/span><\/li>\r\n \t<li style=\"font-weight: 400;\" aria-level=\"1\"><b>L&#8217;UTENTE<\/b><span style=\"font-weight: 400;\">: qualsiasi persona fisica che acceda al Sito web o utilizzi i servizi, responsabile di garantire l&#8217;accuratezza e la completezza di tutte le informazioni fornite durante le interazioni con il FORNITORE.<\/span><\/li>\r\n<\/ul>\r\n&nbsp;\r\n\r\n<b>3. FINALIT\u00c0 DELLE CONDIZIONI<\/b>\r\n\r\n<span style=\"font-weight: 400;\">Le presenti Condizioni definiscono il rapporto contrattuale tra il FORNITORE e l&#8217;UTENTE, che sorge quando l&#8217;UTENTE interagisce con il FORNITORE tramite il Sito web o di persona presso il <\/span><b>Porto crocieristico di Crotone<\/b><span style=\"font-weight: 400;\">. Il rapporto contrattuale riguarda principalmente la fornitura di servizi specifici, come descritto nel sito web, in cambio di tariffe e condizioni visualizzate o altrimenti concordate.<\/span>\r\n\r\n<b>Importanti considerazioni di conformit\u00e0:<\/b>\r\n<ul>\r\n \t<li><b> Diritti dei consumatori e politiche di cancellazione: <\/b><span style=\"font-weight: 400;\">i diritti dei consumatori garantiti dal Codice del Consumo italiano, in particolare dagli articoli 45-67, saranno rispettati e chiaramente comunicati nella sezione relativa ai diritti di recesso.<\/span><\/li>\r\n \t<li><b> Transazioni di commercio elettronico: <\/b><span style=\"font-weight: 400;\">ai sensi del Decreto Legislativo n. 70\/2003, che attua in Italia la Direttiva UE sul commercio elettronico, tutti i termini devono essere messi a disposizione dell&#8217;UTENTE prima di completare qualsiasi transazione.<\/span><\/li>\r\n \t<li><b> Trasparenza dei prezzi: <\/b><span style=\"font-weight: 400;\">eventuali costi per i servizi saranno indicati in modo chiaro e accessibile, in conformit\u00e0 con gli articoli 21 e 22 del Codice del Consumo, e all&#8217;UTENTE sar\u00e0 richiesta una conferma esplicita prima di procedere con qualsiasi pagamento.<\/span><\/li>\r\n<\/ul>\r\n&nbsp;\r\n\r\n<b>4. PROCEDURA CONTRATTUALE<\/b>\r\n\r\n<span style=\"font-weight: 400;\">Per utilizzare alcuni servizi offerti dal FORNITORE, l&#8217;UTENTE deve completare una procedura di registrazione sul Sito web. La registrazione comporta la fornitura di informazioni personali accurate e aggiornate in conformit\u00e0 con gli articoli 49-51 del Codice del Consumo italiano, nonch\u00e9 la creazione di un account utente sicuro con nome utente e password, che devono essere protetti e per i quali qualsiasi accesso non autorizzato o uso improprio deve essere segnalato immediatamente al FORNITORE. Con il completamento della registrazione, l&#8217;UTENTE riconosce e accetta che i propri dati personali saranno trattati in conformit\u00e0 con l&#8217;Informativa sulla privacy del FORNITORE, redatta in conformit\u00e0 con il Regolamento generale sulla protezione dei dati (GDPR) e il Decreto Legislativo n. 196\/2003 (modificato dal Decreto n. 101\/2018), e che l&#8217;accesso ai servizi \u00e8 soggetto a disponibilit\u00e0 e, ove applicabile, al completamento del pagamento come indicato nella Sezione 9 dei presenti Termini.<\/span>\r\n\r\n&nbsp;\r\n\r\n<b>5. CONDIZIONI GENERALI DI SERVIZIO<\/b>\r\n\r\n<span style=\"font-weight: 400;\">Le seguenti condizioni generali si applicano a tutti i servizi resi disponibili tramite il Sito: tutti i servizi sono regolati esclusivamente dai presenti Termini e nessuna altra clausola, sia verbale che scritta, sar\u00e0 vincolante se non espressamente accettata per iscritto dal FORNITORE. I servizi sono forniti \u201ccos\u00ec come sono\u201d, senza alcuna garanzia o assicurazione oltre a quelle espressamente indicate nei presenti Termini o richieste dalla legislazione italiana e comunitaria applicabile. Per qualsiasi servizio soggetto a pagamento, il prezzo totale, comprensivo di IVA applicabile ed eventuali costi aggiuntivi, sar\u00e0 chiaramente comunicato all&#8217;UTENTE prima della conferma dell&#8217;acquisto, in conformit\u00e0 con l&#8217;articolo 13 del Decreto Legislativo n. 70\/2003 e gli articoli 49-51 del Codice del Consumo italiano<\/span>\r\n\r\n&nbsp;\r\n\r\n<b>6. DIRITTO DI RECESSO<\/b>\r\n\r\n<span style=\"font-weight: 400;\">L&#8217;UTENTE pu\u00f2 esercitare il diritto di recesso ai sensi degli articoli 52 e seguenti del Codice del Consumo, alle seguenti condizioni: l&#8217;UTENTE ha 14 giorni di calendario dalla conclusione del contratto di servizio per recedere, a meno che il servizio non sia gi\u00e0 stato interamente eseguito con il consenso esplicito dell&#8217;UTENTE e la sua accettazione della perdita del diritto di recesso al momento della completa esecuzione. Il diritto di recesso non si applica ai servizi personalizzati o che comportano la fornitura di contenuti digitali non forniti su un supporto materiale, la cui esecuzione sia iniziata con il previo consenso espresso dell&#8217;UTENTE e con la sua accettazione della perdita del diritto di recesso.<\/span>\r\n\r\n&nbsp;\r\n\r\n<b>Come recedere<\/b>\r\n<ul>\r\n \t<li style=\"font-weight: 400;\" aria-level=\"1\"><b>Le richieste di recesso devono essere inviate via e-mail all&#8217;indirizzo <\/b><strong><a class=\"primary-color\" href=\"mailto:info@crotonecruiseport.com\">info@crotonecruiseport.com<\/a><\/strong><b> o per iscritto alla sede locale del FORNITORE a Crotone.<\/b><\/li>\r\n \t<li style=\"font-weight: 400;\" aria-level=\"1\"><span style=\"font-weight: 400;\">Se il contratto \u00e8 stato concluso per via elettronica, il diritto di recesso e le relative condizioni saranno presentati all&#8217;UTENTE prima della conferma della transazione, in conformit\u00e0 con l&#8217;articolo 51 del Codice del Consumo e la Direttiva 2011\/83\/UE7.<\/span><\/li>\r\n<\/ul>\r\n&nbsp;\r\n\r\n<b>7. CONTROVERSIE E RESPONSABILIT\u00c0<\/b>\r\n\r\n<span style=\"font-weight: 400;\">Il FORNITORE si impegna a fornire un&#8217;esperienza fluida e soddisfacente a tutti gli UTENTI. Tuttavia, in caso di controversie, l&#8217;UTENTE pu\u00f2 presentare un reclamo scritto via e-mail all&#8217;indirizzo <\/span><strong><a class=\"primary-color\" href=\"mailto:info@cataniacruiseterminal.it\">info@cataniacruiseterminal.it<\/a><\/strong><span style=\"font-weight: 400;\">, fornendo una descrizione dettagliata del problema. Il FORNITORE risponder\u00e0 ai reclami entro 30 giorni, risolvendo la questione o fornendo una spiegazione se la risoluzione non \u00e8 possibile entro tale termine. In conformit\u00e0 con l&#8217;articolo 141 e seguenti del Codice del Consumo italiano e con la Direttiva 2013\/11\/UE sulla risoluzione alternativa delle controversie (ADR), i consumatori possono anche accedere a meccanismi di risoluzione extragiudiziale delle controversie attraverso organismi ADR registrati presso il Ministero dello Sviluppo Economico o tramite la piattaforma di risoluzione delle controversie online (ODR) fornita dalla Commissione Europea, disponibile all&#8217;indirizzo<\/span> <span style=\"font-weight: 400;\"><strong><a class=\"primary-color\" href=\"https:\/\/ec.europa.eu\/consumers\/odr?utm_source=chatgpt.com\">https:\/\/ec.europa.eu\/consumers\/odr<\/a><\/strong><\/span><span style=\"font-weight: 400;\">.<\/span>\r\n\r\n&nbsp;\r\n\r\n<b>8.FORZA MAGGIORE<\/b>\r\n\r\n<span style=\"font-weight: 400;\">Nessuna delle parti sar\u00e0 ritenuta responsabile per ritardi o inadempienze dovuti a circostanze al di fuori del proprio ragionevole controllo, inclusi, a titolo esemplificativo ma non esaustivo:<\/span>\r\n<ul>\r\n \t<li style=\"font-weight: 400;\" aria-level=\"1\"><span style=\"font-weight: 400;\">Catastrofi naturali (ad esempio, terremoti, inondazioni, tempeste)<\/span><\/li>\r\n \t<li style=\"font-weight: 400;\" aria-level=\"1\"><span style=\"font-weight: 400;\">Azioni governative o modifiche normative<\/span><\/li>\r\n \t<li style=\"font-weight: 400;\" aria-level=\"1\"><span style=\"font-weight: 400;\">Atti di guerra, terrorismo o disordini civili<\/span><\/li>\r\n \t<li style=\"font-weight: 400;\" aria-level=\"1\"><span style=\"font-weight: 400;\">Controversie industriali o scioperi dei lavoratori non causati dalla parte interessata<\/span><\/li>\r\n<\/ul>\r\n<span style=\"font-weight: 400;\">In caso di <\/span><b>forza maggiore<\/b><span style=\"font-weight: 400;\">, la parte interessata deve informare l&#8217;altra parte senza indebito ritardo. Gli obblighi previsti dal presente accordo saranno sospesi per la durata dell&#8217;evento e riprenderanno una volta cessata la condizione di forza maggiore.<\/span>\r\n\r\n<span style=\"font-weight: 400;\">La presente disposizione \u00e8 disciplinata dagli <\/span><b>articoli 1256 e 1467 del Codice Civile italiano<\/b><span style=\"font-weight: 400;\">, che regolano l&#8217;impossibilit\u00e0 di adempimento e l&#8217;eccessivo onere.<\/span>\r\n\r\n&nbsp;\r\n\r\n<b>9. PREZZI E TERMINI DI PAGAMENTO<\/b>\r\n\r\n<span style=\"font-weight: 400;\">Tutti i prezzi dei servizi sono indicati in euro (EUR) e includono l&#8217;IVA italiana applicabile, salvo diversa indicazione. I pagamenti possono essere effettuati con carta di credito, bonifico bancario elettronico o altri metodi approvati indicati sul sito web, e qualsiasi domanda relativa ai pagamenti deve essere indirizzata a <\/span><strong><a class=\"primary-color\" href=\"mailto:info@cataniacruiseterminal.it\">info@cataniacruiseterminal.it<\/a><\/strong><span style=\"font-weight: 400;\">. In conformit\u00e0 con il Decreto Legislativo n. 206\/2005 (Codice del Consumo italiano) e il Decreto Legislativo n. 70\/2003 che attua la Direttiva sul Commercio Elettronico (2000\/31\/CE), tutti i dettagli relativi ai prezzi saranno comunicati chiaramente all&#8217;UTENTE prima della conclusione di qualsiasi transazione. Il FORNITORE emetter\u00e0 inoltre fatture in conformit\u00e0 con le normative italiane applicabili in materia di fatturazione elettronica (fatturazione elettronica).<\/span>\r\n\r\n&nbsp;\r\n\r\n<b>10. LEGGE APPLICABILE E GIURISDIZIONE<\/b>\r\n\r\n<span style=\"font-weight: 400;\">I presenti Termini saranno regolati e interpretati in conformit\u00e0 con le leggi della Repubblica Italiana, fatta salva la tutela dei consumatori prevista dalle disposizioni imperative della legge del loro paese di residenza ai sensi dell&#8217;articolo 6 del Regolamento (CE) n. 593\/2008 (Roma I).<\/span>\r\n\r\n<span style=\"font-weight: 400;\">Qualsiasi controversia derivante da o relativa ai presenti Termini sar\u00e0 di competenza esclusiva dei tribunali competenti di Crotone, Italia, a meno che l&#8217;UTENTE non sia qualificato come consumatore ai sensi del Codice del Consumo italiano, nel qual caso la giurisdizione spetter\u00e0 al tribunale del luogo di residenza o domicilio dell&#8217;UTENTE ai sensi dell&#8217;articolo 66-bis del Codice del Consumo e del Regolamento (UE) n. 1215\/2012 (Bruxelles I bis).<\/span>\r\n\r\n&nbsp;\r\n\r\n<b>11. INFORMAZIONI DI CONTATTO<\/b>\r\n\r\n<span style=\"font-weight: 400;\">Per qualsiasi domanda o dubbio, non esitare a contattarci:<\/span>\r\n\r\n<span style=\"font-weight: 400;\">\ud83d\udce7 <\/span><b>Email<\/b><span style=\"font-weight: 400;\">: <\/span><strong><a class=\"primary-color\" href=\"mailto:info@crotonecruiseport.com\">info@crotonecruiseport.com<\/a><\/strong>\r\n\r\n<span style=\"font-weight: 400;\">\ud83d\udccd <\/span><b>Indirizzo<\/b><span style=\"font-weight: 400;\">: Porto Crocieristico di Crotone, Banchina di Riva &#8211; porto, 88900 Crotone &#8211; Italia<\/span>\r\n\r\n&nbsp;\t\t\t<\/div>\r\n\t\t<\/div>\r\n\t<\/div>\r\n<\/section>","protected":false},"excerpt":{"rendered":"","protected":false},"author":2,"featured_media":0,"parent":0,"menu_order":5,"comment_status":"closed","ping_status":"closed","template":"","meta":{"_acf_changed":false,"footnotes":""},"class_list":["post-6469","page","type-page","status-publish","hentry"],"acf":[],"_links":{"self":[{"href":"https:\/\/crotonecruiseport.com\/it\/wp-json\/wp\/v2\/pages\/6469","targetHints":{"allow":["GET"]}}],"collection":[{"href":"https:\/\/crotonecruiseport.com\/it\/wp-json\/wp\/v2\/pages"}],"about":[{"href":"https:\/\/crotonecruiseport.com\/it\/wp-json\/wp\/v2\/types\/page"}],"author":[{"embeddable":true,"href":"https:\/\/crotonecruiseport.com\/it\/wp-json\/wp\/v2\/users\/2"}],"replies":[{"embeddable":true,"href":"https:\/\/crotonecruiseport.com\/it\/wp-json\/wp\/v2\/comments?post=6469"}],"version-history":[{"count":5,"href":"https:\/\/crotonecruiseport.com\/it\/wp-json\/wp\/v2\/pages\/6469\/revisions"}],"predecessor-version":[{"id":6518,"href":"https:\/\/crotonecruiseport.com\/it\/wp-json\/wp\/v2\/pages\/6469\/revisions\/6518"}],"wp:attachment":[{"href":"https:\/\/crotonecruiseport.com\/it\/wp-json\/wp\/v2\/media?parent=6469"}],"curies":[{"name":"wp","href":"https:\/\/api.w.org\/{rel}","templated":true}]}}