{"id":6431,"date":"2025-09-26T13:22:03","date_gmt":"2025-09-26T13:22:03","guid":{"rendered":"https:\/\/crotone.globalcruiseports.com\/legal-information-2\/"},"modified":"2025-10-10T09:49:20","modified_gmt":"2025-10-10T09:49:20","slug":"informazioni-legali","status":"publish","type":"page","link":"https:\/\/crotonecruiseport.com\/it\/informazioni-legali\/","title":{"rendered":"Informazioni Legali"},"content":{"rendered":"\r\n<section class=\"section page page-policy footer-space-mr \">\r\n\t<div class=\"container\">\r\n\t    <div class=\"row flex align-i-end\">\r\n        <div class=\"cl-5 page-header\">\r\n            <h5>INFORMAZIONI LEGALI<\/h5>\r\n            <h1>\r\n                Informazioni<br \/>\r\n                <span class=\"primary-color\">Legali<\/span>\r\n            <\/h1>\r\n        <\/div>\r\n        <div class=\"cl-7 page-description\">\r\n            Global Ports Holding Limited, Crotone Cruise Port (di seguito denominato il \u201cTITOLARE DEL TRATTAMENTO\u201d), fornisce il presente documento agli utenti del proprio sito web in ottemperanza agli obblighi previsti dal Decreto Legislativo n. 70 del 9 aprile 2003 (Attuazione della Direttiva UE sul Commercio Elettronico 2000\/31\/CE), che disciplina la fornitura di servizi della societ\u00e0 dell&#8217;informazione.        <\/div>\r\n    <\/div>\r\n\t\t<div class=\"row flex page-sub-menu\">\r\n\t\t\t<div class=\"cl-12\">\r\n\t\t\t\t<ul class=\"flex align-i-center justify-c-center\">\r\n\t\t\t\t\t<li id=\"menu-item-6415\" class=\"menu-item menu-item-type-post_type menu-item-object-page menu-item-6415\"><a href=\"https:\/\/crotonecruiseport.com\/it\/sulla-privacy\/\">Sulla Privacy<\/a><\/li>\n<li id=\"menu-item-6477\" class=\"menu-item menu-item-type-post_type menu-item-object-page menu-item-6477\"><a href=\"https:\/\/crotonecruiseport.com\/it\/condizioni-duso\/\">Condizioni D&#8217;uso<\/a><\/li>\n<li id=\"menu-item-6478\" class=\"menu-item menu-item-type-post_type menu-item-object-page menu-item-6478\"><a href=\"https:\/\/crotonecruiseport.com\/it\/informazioni-legali\/\">Informazioni Legali<\/a><\/li>\n<li id=\"menu-item-6407\" class=\"menu-item menu-item-type-post_type menu-item-object-page menu-item-6407\"><a href=\"https:\/\/crotonecruiseport.com\/it\/politica-sui-cookie\/\">Politica sui cookie<\/a><\/li>\n\t\t\t\t<\/ul>\r\n\t\t\t<\/div>\r\n\t\t<\/div>\r\n\t\t<div class=\"row flex page-content justify-c-center\">\r\n\t\t\t<div class=\"cl-10 text-justify\">\r\n\t\t\t\t<b>INFORMAZIONI LEGALI<\/b>\r\n\r\n<b>LEGGE ITALIANA SULL&#8217;E-COMMERCE (D.Lgs. 70\/2003) E DIRETTIVA UE SULL&#8217;E-COMMERCE (2000\/31\/CE)<\/b>\r\n\r\n<span style=\"font-weight: 400;\">Global Ports Holding Limited, Crotone Cruise Port (di seguito denominato il \u201cTITOLARE DEL TRATTAMENTO\u201d), fornisce il presente documento agli utenti del proprio sito web in ottemperanza agli obblighi previsti dal Decreto Legislativo n. 70 del 9 aprile 2003 (Attuazione della Direttiva UE sul Commercio Elettronico 2000\/31\/CE), che disciplina la fornitura di servizi della societ\u00e0 dell&#8217;informazione.<\/span>\r\n\r\n<span style=\"font-weight: 400;\">Accedendo al presente sito web, gli utenti acquisiscono lo status di \u201c<\/span><b>UTENTE<\/b><span style=\"font-weight: 400;\">\u201d e accettano di aderire alle disposizioni contenute nel presente documento, nonch\u00e9 a qualsiasi altra clausola legale applicabile.<\/span>\r\n\r\n<span style=\"font-weight: 400;\">Il TITOLARE si riserva il diritto di modificare qualsiasi contenuto, termine o politica del presente sito web senza preavviso. Tali modifiche saranno considerate efficaci al momento della loro pubblicazione sul sito web.<\/span>\r\n\r\n&nbsp;\r\n\r\n<b>1. INFORMAZIONI DI IDENTIFICAZIONE (IMPRESSUM)<\/b>\r\n\r\n<span style=\"font-weight: 400;\">Ai sensi dell&#8217;articolo 7 del Decreto Legislativo n. 70\/2003, si forniscono le seguenti informazioni:<\/span>\r\n<ul>\r\n \t<li style=\"font-weight: 400;\" aria-level=\"1\"><b>Nome di dominio<\/b><span style=\"font-weight: 400;\">: <strong><a class=\"primary-color\" href=\"http:\/\/crotonecriseport.com\">Crotonecriseport.com<\/a><\/strong><\/span><\/li>\r\n \t<li style=\"font-weight: 400;\" aria-level=\"1\"><b>Denominazione commerciale<\/b><span style=\"font-weight: 400;\">: Crotone Cruise Port<\/span><\/li>\r\n \t<li style=\"font-weight: 400;\" aria-level=\"1\"><b>Persona giuridica<\/b><span style=\"font-weight: 400;\">: [.]<\/span><\/li>\r\n \t<li style=\"font-weight: 400;\" aria-level=\"1\"><b>Codice fiscale\/Numero di registrazione<\/b><span style=\"font-weight: 400;\">: [.]<\/span><\/li>\r\n \t<li style=\"font-weight: 400;\" aria-level=\"1\"><b>Sede legale<\/b><span style=\"font-weight: 400;\">: [.]<\/span><\/li>\r\n \t<li style=\"font-weight: 400;\" aria-level=\"1\"><b>Numero di telefono<\/b><span style=\"font-weight: 400;\">: [.]<\/span><\/li>\r\n \t<li style=\"font-weight: 400;\" aria-level=\"1\"><b>Indirizzo e-mail<\/b><span style=\"font-weight: 400;\">: [.]<\/span><\/li>\r\n \t<li style=\"font-weight: 400;\" aria-level=\"1\"><b>Amministratori delegati<\/b><span style=\"font-weight: 400;\">: [.]<\/span><\/li>\r\n \t<li style=\"font-weight: 400;\" aria-level=\"1\"><b>Informazioni sul registro delle imprese<\/b><span style=\"font-weight: 400;\">: [.]<\/span><\/li>\r\n \t<li style=\"font-weight: 400;\" aria-level=\"1\"><b>Autorit\u00e0 di vigilanza<\/b><span style=\"font-weight: 400;\">: [.]<\/span><\/li>\r\n<\/ul>\r\n&nbsp;\r\n\r\n<b>2. DIRITTI DI PROPRIET\u00c0 INTELLETTUALE E INDUSTRIALE<\/b>\r\n\r\n<span style=\"font-weight: 400;\">Il contenuto di questo sito web, inclusi, a titolo esemplificativo ma non esaustivo, design, testi, immagini, grafica, loghi, icone, clip audio e video, download, interfaccia e codice sorgente, \u00e8 di propriet\u00e0 esclusiva del TITOLARE DEL TRATTAMENTO o \u00e8 utilizzato in base a licenze appropriate. Tali contenuti sono protetti dalla Legge sul diritto d&#8217;autore (Legge n. 633\/1941) e dalle normative UE in materia.<\/span>\r\n\r\n<span style=\"font-weight: 400;\">Qualsiasi riproduzione, modifica, distribuzione o sfruttamento commerciale non autorizzato di tali contenuti \u00e8 severamente vietato e pu\u00f2 comportare responsabilit\u00e0 civili e penali.<\/span>\r\n\r\n<span style=\"font-weight: 400;\">I marchi e i loghi di terzi presenti sul sito web rimangono di propriet\u00e0 dei rispettivi titolari e sono utilizzati esclusivamente a scopo di riferimento. La loro inclusione non implica alcuna affiliazione, sponsorizzazione o approvazione da parte del TITOLARE DEL TRATTAMENTO.<\/span>\r\n\r\n<span style=\"font-weight: 400;\">Le presunte violazioni dei diritti di propriet\u00e0 intellettuale devono essere segnalate via e-mail all&#8217;indirizzo: <\/span><strong><a class=\"primary-color\" href=\"mailto:info@crotonecruiseport.com\">info@crotonecruiseport.com<\/a><\/strong>\r\n\r\n&nbsp;\r\n\r\n<b>3. ESCLUSIONE DI RESPONSABILIT\u00c0<\/b>\r\n\r\n<b>Utilizzo dei cookie<\/b>\r\n\r\n<span style=\"font-weight: 400;\">Questo sito web utilizza i cookie per migliorare l&#8217;esperienza dell&#8217;utente e garantirne il funzionamento ottimale. I cookie utilizzati sono principalmente tecnici e indispensabili per consentire una navigazione sicura ed efficiente. Gli utenti saranno informati se vengono implementati cookie che richiedono il consenso preventivo e sar\u00e0 ottenuto il consenso esplicito in conformit\u00e0 con il Regolamento generale sulla protezione dei dati (GDPR) e le normative italiane applicabili, comprese le linee guida dell&#8217;Autorit\u00e0 italiana per la protezione dei dati.<\/span>\r\n\r\n<span style=\"font-weight: 400;\">Gli utenti possono configurare i propri browser per gestire le preferenze relative ai cookie o impedirne l&#8217;installazione. Per maggiori dettagli, si prega di fare riferimento alla sezione Politica sui cookie del nostro sito web.<\/span>\r\n\r\n&nbsp;\r\n\r\n<b>Collegamenti a contenuti di terze parti<\/b>\r\n\r\n<span style=\"font-weight: 400;\">Questo sito web pu\u00f2 contenere collegamenti a siti web esterni o contenuti forniti da terze parti. Il TITOLARE non si assume alcuna responsabilit\u00e0 per l&#8217;accuratezza, la legalit\u00e0 o l&#8217;adeguatezza di tali contenuti. Se un collegamento di terze parti dovesse violare le leggi applicabili o gli standard di decenza, il TITOLARE lo rimuover\u00e0 tempestivamente e, se necessario, ne dar\u00e0 comunicazione alle autorit\u00e0 competenti.<\/span>\r\n\r\n<b>Contenuti generati dagli utenti<\/b>\r\n\r\n<span style=\"font-weight: 400;\">Il TITOLARE NON \u00e8 responsabile dei contenuti generati dagli utenti (ad esempio commenti, post nei forum o interazioni sui social media) che possono apparire o essere collegati al sito web. Tuttavia, qualsiasi contenuto che violi le disposizioni di legge, i diritti di terzi o l&#8217;ordine pubblico sar\u00e0 rimosso previa notifica. Le segnalazioni possono essere inviate a: <\/span><span style=\"font-weight: 400;\">info@crotonecruiseport.com<\/span>\r\n\r\n&nbsp;\r\n\r\n<b>Disponibilit\u00e0 del sito web<\/b>\r\n\r\n<span style=\"font-weight: 400;\">Il TITOLARE si impegna a fornire un accesso ininterrotto al sito web. Tuttavia, la disponibilit\u00e0 pu\u00f2 essere influenzata da manutenzione tecnica, errori o eventi di forza maggiore quali scioperi, calamit\u00e0 naturali o interruzioni di Internet. Saranno compiuti sforzi ragionevoli per ridurre al minimo le interruzioni.<\/span>\r\n\r\n&nbsp;\r\n\r\n<b>Indirizzi IP<\/b>\r\n\r\n<span style=\"font-weight: 400;\">Il sito web pu\u00f2 registrare automaticamente gli indirizzi IP e i nomi di dominio degli utenti per scopi statistici e di sicurezza. Questi registri sono gestiti in conformit\u00e0 con il GDPR e il Codice in materia di protezione dei dati personali (Decreto Legislativo n. 196\/2003 e successive modifiche) e conservati in modo sicuro per il periodo richiesto prima di essere cancellati o resi anonimi.<\/span>\r\n\r\n&nbsp;\r\n\r\n<b>4. LEGGE APPLICABILE E GIURISDIZIONE<\/b>\r\n\r\n<span style=\"font-weight: 400;\">Il presente sito web e il suo utilizzo sono regolati dalle leggi della Repubblica Italiana. Qualsiasi controversia derivante o relativa all&#8217;utilizzo del sito web sar\u00e0 di competenza esclusiva dei tribunali competenti di Crotone, Italia, salvo quanto diversamente previsto dalle leggi imperative in materia di tutela dei consumatori (art. 66-bis del Codice del Consumo italiano).<\/span>\r\n\r\n&nbsp;\t\t\t<\/div>\r\n\t\t<\/div>\r\n\t<\/div>\r\n<\/section>","protected":false},"excerpt":{"rendered":"","protected":false},"author":2,"featured_media":0,"parent":0,"menu_order":3,"comment_status":"closed","ping_status":"closed","template":"","meta":{"_acf_changed":false,"footnotes":""},"class_list":["post-6431","page","type-page","status-publish","hentry"],"acf":[],"_links":{"self":[{"href":"https:\/\/crotonecruiseport.com\/it\/wp-json\/wp\/v2\/pages\/6431","targetHints":{"allow":["GET"]}}],"collection":[{"href":"https:\/\/crotonecruiseport.com\/it\/wp-json\/wp\/v2\/pages"}],"about":[{"href":"https:\/\/crotonecruiseport.com\/it\/wp-json\/wp\/v2\/types\/page"}],"author":[{"embeddable":true,"href":"https:\/\/crotonecruiseport.com\/it\/wp-json\/wp\/v2\/users\/2"}],"replies":[{"embeddable":true,"href":"https:\/\/crotonecruiseport.com\/it\/wp-json\/wp\/v2\/comments?post=6431"}],"version-history":[{"count":3,"href":"https:\/\/crotonecruiseport.com\/it\/wp-json\/wp\/v2\/pages\/6431\/revisions"}],"predecessor-version":[{"id":6512,"href":"https:\/\/crotonecruiseport.com\/it\/wp-json\/wp\/v2\/pages\/6431\/revisions\/6512"}],"wp:attachment":[{"href":"https:\/\/crotonecruiseport.com\/it\/wp-json\/wp\/v2\/media?parent=6431"}],"curies":[{"name":"wp","href":"https:\/\/api.w.org\/{rel}","templated":true}]}}