{"id":6030,"date":"2024-02-14T09:15:40","date_gmt":"2024-02-14T09:15:40","guid":{"rendered":"https:\/\/crotone.globalcruiseports.com\/porto\/statistics\/"},"modified":"2026-03-04T10:47:46","modified_gmt":"2026-03-04T10:47:46","slug":"statistiche","status":"publish","type":"page","link":"https:\/\/crotonecruiseport.com\/it\/porto\/statistiche\/","title":{"rendered":"Statistiche"},"content":{"rendered":"\r\n<style>\r\n\r\n\t.accordion-content {\r\n\t\tmin-height: auto;\r\n\t}\r\n\r\n\t.page-content-wrapper{\r\n\t\tz-index: 2;\r\n\t\t\r\n\t}\r\n<\/style>\r\n\r\n<section class=\"section page page-statistics  footer-space-pd page-bg-light  desktop-footer-space-pd\">\r\n\t<style>\r\n                .page-header-bg {\r\n                    background-image: url(https:\/\/crotonecruiseport.com\/wp-content\/uploads\/sites\/53\/2025\/04\/Port-Statistics-By-The-Numbers.png);\r\n                    background-size: cover;\r\n                    background-position: center;\r\n                }\r\n\t\t\t\t.hero-content{\r\n\t\t\t\t    top: 50%;\r\n    \t\t\t\tposition: absolute;\r\n    \t\t\t\ttransform: translateY(-50%);\r\n\t\t\t\t}\r\n              <\/style><div class=\"page-header-bg pr\">\t<div class=\"container w100\">\r\n\t\t<div class=\"row flex hero-content\">\r\n\t\t<div class=\"cl-12 page-header\">\r\n\t\t\t\t\t\t<h5><a href=\"https:\/\/crotonecruiseport.com\/it\/\/port\/\" class=\"color-white\">PORTO <\/a>> Statistiche<\/h5>\r\n\t\t\t\t<h1>Statistiche del porto<\/h1>\r\n\t\t\t<\/div>\r\n\t\t<\/div>\r\n\t<\/div>\r\n\t<\/div>\r\n\t<div class=\"page-content-wrapper pr\">\r\n\t\t<div class=\"container\">\r\n\t\t\t<div class=\"row flex align-i-center justify-c-center\">\r\n\t\t\t\t<div class=\"cl-10\">\r\n\t\t\t\t\t<div class=\"page-bg-white\">\r\n\t\t\t\t\t\t<div class=\"row flex\">\r\n\t\t\t\t\t\t\t<div class=\"cl-12\">\r\n\t\t\t\t\t\t\t\t<div class=\"accordion accordion-ii\">\r\n\t\t\t\t\t\t\t\t\t\t\t\t\t\t\t\t\t\t\t<div class=\"accordion-header black-arrow active first-item \">2025<\/div>\r\n\t\t\t\t\t\t\t\t\t\t<div class=\"desktop-accordion-content mobile-accordion-content accordion-content active \">\r\n\t\t\t\t\t\t\t\t\t\t\t<div class=\"flex\">\r\n\t\t\t\t\t\t\t\t\t\t\t\t\t\t\t\t\t\t\t\t\t\t\t\t\t<div class=\"box-item flex\">\r\n\t\t\t\t\t\t\t\t\t\t\t\t\t\t<img decoding=\"async\" src=\"https:\/\/crotonecruiseport.com\/wp-content\/uploads\/sites\/53\/2024\/04\/port-info-slide-1.svg\" alt=\"\" \/>\r\n\t\t\t\t\t\t\t\t\t\t\t\t\t\t<div>\r\n\t\t\t\t\t\t\t\t\t\t\t\t\t\t\t<p class=\"row-1\">Call <br> Totali<\/p>\r\n\t\t\t\t\t\t\t\t\t\t\t\t\t\t\t<p class=\"row-2\">28<\/p>\r\n\t\t\t\t\t\t\t\t\t\t\t\t\t\t<\/div>\r\n\r\n\t\t\t\t\t\t\t\t\t\t\t\t\t<\/div>\r\n\t\t\t\t\t\t\t\t\t\t\t\t\t\t\t\t\t\t\t\t\t\t\t\t\t<div class=\"box-item flex\">\r\n\t\t\t\t\t\t\t\t\t\t\t\t\t\t<img decoding=\"async\" src=\"https:\/\/crotonecruiseport.com\/wp-content\/uploads\/sites\/53\/2024\/04\/icon-statistics-light-2.svg\" alt=\"\" \/>\r\n\t\t\t\t\t\t\t\t\t\t\t\t\t\t<div>\r\n\t\t\t\t\t\t\t\t\t\t\t\t\t\t\t<p class=\"row-1\">Passeggeri Totali<\/p>\r\n\t\t\t\t\t\t\t\t\t\t\t\t\t\t\t<p class=\"row-2\">26,446<\/p>\r\n\t\t\t\t\t\t\t\t\t\t\t\t\t\t<\/div>\r\n\r\n\t\t\t\t\t\t\t\t\t\t\t\t\t<\/div>\r\n\t\t\t\t\t\t\t\t\t\t\t\t\t\t\t\t\t\t\t\t\t\t\t\t\t<div class=\"box-item flex\">\r\n\t\t\t\t\t\t\t\t\t\t\t\t\t\t<img decoding=\"async\" src=\"https:\/\/crotonecruiseport.com\/wp-content\/uploads\/sites\/53\/2024\/04\/icon-statistics-light-3.svg\" alt=\"\" \/>\r\n\t\t\t\t\t\t\t\t\t\t\t\t\t\t<div>\r\n\t\t\t\t\t\t\t\t\t\t\t\t\t\t\t<p class=\"row-1\">Transiti<\/p>\r\n\t\t\t\t\t\t\t\t\t\t\t\t\t\t\t<p class=\"row-2\">26,418<\/p>\r\n\t\t\t\t\t\t\t\t\t\t\t\t\t\t<\/div>\r\n\r\n\t\t\t\t\t\t\t\t\t\t\t\t\t<\/div>\r\n\t\t\t\t\t\t\t\t\t\t\t\t\t\t\t\t\t\t\t\t\t\t\t<\/div>\r\n\t\t\t\t\t\t\t\t\t\t<\/div>\r\n\t\t\t\t\t\t\t\t\t\t\t\t\t\t\t\t\t\t\t<div class=\"accordion-header black-arrow  \">2024<\/div>\r\n\t\t\t\t\t\t\t\t\t\t<div class=\"desktop-accordion-content mobile-accordion-content accordion-content  \">\r\n\t\t\t\t\t\t\t\t\t\t\t<div class=\"flex\">\r\n\t\t\t\t\t\t\t\t\t\t\t\t\t\t\t\t\t\t\t\t\t\t\t\t\t<div class=\"box-item flex\">\r\n\t\t\t\t\t\t\t\t\t\t\t\t\t\t<img decoding=\"async\" src=\"https:\/\/crotonecruiseport.com\/wp-content\/uploads\/sites\/53\/2024\/04\/port-info-slide-1.svg\" alt=\"\" \/>\r\n\t\t\t\t\t\t\t\t\t\t\t\t\t\t<div>\r\n\t\t\t\t\t\t\t\t\t\t\t\t\t\t\t<p class=\"row-1\">Call <br> Totali<\/p>\r\n\t\t\t\t\t\t\t\t\t\t\t\t\t\t\t<p class=\"row-2\">24<\/p>\r\n\t\t\t\t\t\t\t\t\t\t\t\t\t\t<\/div>\r\n\r\n\t\t\t\t\t\t\t\t\t\t\t\t\t<\/div>\r\n\t\t\t\t\t\t\t\t\t\t\t\t\t\t\t\t\t\t\t\t\t\t\t\t\t<div class=\"box-item flex\">\r\n\t\t\t\t\t\t\t\t\t\t\t\t\t\t<img decoding=\"async\" src=\"https:\/\/crotonecruiseport.com\/wp-content\/uploads\/sites\/53\/2024\/04\/icon-statistics-light-2.svg\" alt=\"\" \/>\r\n\t\t\t\t\t\t\t\t\t\t\t\t\t\t<div>\r\n\t\t\t\t\t\t\t\t\t\t\t\t\t\t\t<p class=\"row-1\">Passeggeri Totali<\/p>\r\n\t\t\t\t\t\t\t\t\t\t\t\t\t\t\t<p class=\"row-2\">25,924<\/p>\r\n\t\t\t\t\t\t\t\t\t\t\t\t\t\t<\/div>\r\n\r\n\t\t\t\t\t\t\t\t\t\t\t\t\t<\/div>\r\n\t\t\t\t\t\t\t\t\t\t\t\t\t\t\t\t\t\t\t\t\t\t\t\t\t<div class=\"box-item flex\">\r\n\t\t\t\t\t\t\t\t\t\t\t\t\t\t<img decoding=\"async\" src=\"https:\/\/crotonecruiseport.com\/wp-content\/uploads\/sites\/53\/2024\/04\/icon-statistics-light-3.svg\" alt=\"\" \/>\r\n\t\t\t\t\t\t\t\t\t\t\t\t\t\t<div>\r\n\t\t\t\t\t\t\t\t\t\t\t\t\t\t\t<p class=\"row-1\">Transiti<\/p>\r\n\t\t\t\t\t\t\t\t\t\t\t\t\t\t\t<p class=\"row-2\">25,911<\/p>\r\n\t\t\t\t\t\t\t\t\t\t\t\t\t\t<\/div>\r\n\r\n\t\t\t\t\t\t\t\t\t\t\t\t\t<\/div>\r\n\t\t\t\t\t\t\t\t\t\t\t\t\t\t\t\t\t\t\t\t\t\t\t<\/div>\r\n\t\t\t\t\t\t\t\t\t\t<\/div>\r\n\t\t\t\t\t\t\t\t\t\t\t\t\t\t\t\t\t\t\t<div class=\"accordion-header black-arrow  \">2023<\/div>\r\n\t\t\t\t\t\t\t\t\t\t<div class=\"desktop-accordion-content mobile-accordion-content accordion-content  \">\r\n\t\t\t\t\t\t\t\t\t\t\t<div class=\"flex\">\r\n\t\t\t\t\t\t\t\t\t\t\t\t\t\t\t\t\t\t\t\t\t\t\t\t\t<div class=\"box-item flex\">\r\n\t\t\t\t\t\t\t\t\t\t\t\t\t\t<img decoding=\"async\" src=\"https:\/\/crotonecruiseport.com\/wp-content\/uploads\/sites\/53\/2024\/04\/port-info-slide-1.svg\" alt=\"\" \/>\r\n\t\t\t\t\t\t\t\t\t\t\t\t\t\t<div>\r\n\t\t\t\t\t\t\t\t\t\t\t\t\t\t\t<p class=\"row-1\">Call <br>  Totali<\/p>\r\n\t\t\t\t\t\t\t\t\t\t\t\t\t\t\t<p class=\"row-2\">28<\/p>\r\n\t\t\t\t\t\t\t\t\t\t\t\t\t\t<\/div>\r\n\r\n\t\t\t\t\t\t\t\t\t\t\t\t\t<\/div>\r\n\t\t\t\t\t\t\t\t\t\t\t\t\t\t\t\t\t\t\t\t\t\t\t\t\t<div class=\"box-item flex\">\r\n\t\t\t\t\t\t\t\t\t\t\t\t\t\t<img decoding=\"async\" src=\"https:\/\/crotonecruiseport.com\/wp-content\/uploads\/sites\/53\/2024\/04\/icon-statistics-light-2.svg\" alt=\"\" \/>\r\n\t\t\t\t\t\t\t\t\t\t\t\t\t\t<div>\r\n\t\t\t\t\t\t\t\t\t\t\t\t\t\t\t<p class=\"row-1\">Passeggeri Totali<\/p>\r\n\t\t\t\t\t\t\t\t\t\t\t\t\t\t\t<p class=\"row-2\">28,862<\/p>\r\n\t\t\t\t\t\t\t\t\t\t\t\t\t\t<\/div>\r\n\r\n\t\t\t\t\t\t\t\t\t\t\t\t\t<\/div>\r\n\t\t\t\t\t\t\t\t\t\t\t\t\t\t\t\t\t\t\t\t\t\t\t\t\t<div class=\"box-item flex\">\r\n\t\t\t\t\t\t\t\t\t\t\t\t\t\t<img decoding=\"async\" src=\"https:\/\/crotonecruiseport.com\/wp-content\/uploads\/sites\/53\/2024\/04\/icon-statistics-light-3.svg\" alt=\"\" \/>\r\n\t\t\t\t\t\t\t\t\t\t\t\t\t\t<div>\r\n\t\t\t\t\t\t\t\t\t\t\t\t\t\t\t<p class=\"row-1\">Transiti<\/p>\r\n\t\t\t\t\t\t\t\t\t\t\t\t\t\t\t<p class=\"row-2\">28,850<\/p>\r\n\t\t\t\t\t\t\t\t\t\t\t\t\t\t<\/div>\r\n\r\n\t\t\t\t\t\t\t\t\t\t\t\t\t<\/div>\r\n\t\t\t\t\t\t\t\t\t\t\t\t\t\t\t\t\t\t\t\t\t\t\t<\/div>\r\n\t\t\t\t\t\t\t\t\t\t<\/div>\r\n\t\t\t\t\t\t\t\t\t\t\t\t\t\t\t\t\t\t\t<div class=\"accordion-header black-arrow  \">2022<\/div>\r\n\t\t\t\t\t\t\t\t\t\t<div class=\"desktop-accordion-content mobile-accordion-content accordion-content  \">\r\n\t\t\t\t\t\t\t\t\t\t\t<div class=\"flex\">\r\n\t\t\t\t\t\t\t\t\t\t\t\t\t\t\t\t\t\t\t\t\t\t\t\t\t<div class=\"box-item flex\">\r\n\t\t\t\t\t\t\t\t\t\t\t\t\t\t<img decoding=\"async\" src=\"https:\/\/crotonecruiseport.com\/wp-content\/uploads\/sites\/53\/2024\/04\/port-info-slide-1.svg\" alt=\"\" \/>\r\n\t\t\t\t\t\t\t\t\t\t\t\t\t\t<div>\r\n\t\t\t\t\t\t\t\t\t\t\t\t\t\t\t<p class=\"row-1\">Call <br>  Totali<\/p>\r\n\t\t\t\t\t\t\t\t\t\t\t\t\t\t\t<p class=\"row-2\">25<\/p>\r\n\t\t\t\t\t\t\t\t\t\t\t\t\t\t<\/div>\r\n\r\n\t\t\t\t\t\t\t\t\t\t\t\t\t<\/div>\r\n\t\t\t\t\t\t\t\t\t\t\t\t\t\t\t\t\t\t\t\t\t\t\t\t\t<div class=\"box-item flex\">\r\n\t\t\t\t\t\t\t\t\t\t\t\t\t\t<img decoding=\"async\" src=\"https:\/\/crotonecruiseport.com\/wp-content\/uploads\/sites\/53\/2024\/04\/icon-statistics-light-2.svg\" alt=\"\" \/>\r\n\t\t\t\t\t\t\t\t\t\t\t\t\t\t<div>\r\n\t\t\t\t\t\t\t\t\t\t\t\t\t\t\t<p class=\"row-1\">Passeggeri Totali<\/p>\r\n\t\t\t\t\t\t\t\t\t\t\t\t\t\t\t<p class=\"row-2\">20,387<\/p>\r\n\t\t\t\t\t\t\t\t\t\t\t\t\t\t<\/div>\r\n\r\n\t\t\t\t\t\t\t\t\t\t\t\t\t<\/div>\r\n\t\t\t\t\t\t\t\t\t\t\t\t\t\t\t\t\t\t\t\t\t\t\t\t\t<div class=\"box-item flex\">\r\n\t\t\t\t\t\t\t\t\t\t\t\t\t\t<img decoding=\"async\" src=\"https:\/\/crotonecruiseport.com\/wp-content\/uploads\/sites\/53\/2024\/04\/icon-statistics-light-3.svg\" alt=\"\" \/>\r\n\t\t\t\t\t\t\t\t\t\t\t\t\t\t<div>\r\n\t\t\t\t\t\t\t\t\t\t\t\t\t\t\t<p class=\"row-1\">Transiti<\/p>\r\n\t\t\t\t\t\t\t\t\t\t\t\t\t\t\t<p class=\"row-2\">20,378<\/p>\r\n\t\t\t\t\t\t\t\t\t\t\t\t\t\t<\/div>\r\n\r\n\t\t\t\t\t\t\t\t\t\t\t\t\t<\/div>\r\n\t\t\t\t\t\t\t\t\t\t\t\t\t\t\t\t\t\t\t\t\t\t\t<\/div>\r\n\t\t\t\t\t\t\t\t\t\t<\/div>\r\n\t\t\t\t\t\t\t\t\t\t\t\t\t\t\t\t\t<\/div>\r\n\t\t\t\t\t\t\t<\/div>\r\n\t\t\t\t\t\t<\/div>\r\n\t\t\t\t\t\t<div class=\"row flex\">\r\n\t\t\t\t\t\t\t<div class=\"cl-12 flex justify-c-center align-i-center\">\r\n\t\t\t\t\t\t\t\t<p class=\"cta\">\r\n\t\t\t\t\t\t\t\t<div id=\"statics-load-more\" class=\"primary-color\">\r\n\t\t\t\t\t\t\t\t\t<span class=\"primary-bg-color\"><svg xmlns=\"http:\/\/www.w3.org\/2000\/svg\" width=\"14.024\" height=\"13.567\" viewBox=\"0 0 14.024 13.567\">\r\n\t\t\t\t\t\t\t\t\t\t\t<g id=\"Button_Arrow_Down\" data-name=\"Icon feather-arrow-up-right\" transform=\"translate(-3.488 -8.303)\">\r\n\t\t\t\t\t\t\t\t\t\t\t\t<path id=\"Path_3\" data-name=\"Path 3\" d=\"M10.5,20.5V9.3\" fill=\"none\" stroke=\"#fff\" stroke-linecap=\"round\" stroke-linejoin=\"round\" stroke-width=\"2\"><\/path>\r\n\t\t\t\t\t\t\t\t\t\t\t\t<path id=\"Path_6477\" data-name=\"Path 6477\" d=\"M10.5,20.5l5.969-5.531L10.5,9.3\" transform=\"translate(25.401 4.401) rotate(90)\" fill=\"none\" stroke=\"#fff\" stroke-linecap=\"round\" stroke-linejoin=\"round\" stroke-width=\"2\"><\/path>\r\n\t\t\t\t\t\t\t\t\t\t\t<\/g>\r\n\t\t\t\t\t\t\t\t\t\t<\/svg><\/span>\r\n\t\t\t\t\t\t\t\t\tCARICA ALTRO\t\r\n\t\t\t\t\t\t\t\t<\/div>\r\n\t\t\t\t\t\t\t\t<\/p>\r\n\t\t\t\t\t\t\t<\/div>\r\n\t\t\t\t\t\t<\/div>\r\n\t\t\t\t\t<\/div>\r\n\t\t\t\t<\/div>\r\n\t\t\t<\/div>\r\n\t\t<\/div>\r\n\t<\/div>\r\n<\/section>\r\n\r\n<script>\r\n\tdocument.addEventListener(\"DOMContentLoaded\", function() {\r\n\tlet loadMoreButton = document.getElementById(\"statics-load-more\");\r\n\tlet hiddenHeaders = document.querySelectorAll('.accordion .accordion-header.statics-item-hidden');\r\n\tlet hiddenContents = document.querySelectorAll('.accordion .accordion-content.statics-item-hidden');\r\n\tlet itemsToShow = 5; \/\/ Number of items to show each time\r\n\r\n\t\/\/ \ud83d\udc49 Ba\u015flang\u0131\u00e7ta hi\u00e7 gizli i\u00e7erik yoksa butonu gizle\r\n\tif (hiddenHeaders.length === 0) {\r\n\t\tloadMoreButton.style.display = 'none';\r\n\t}\r\n\r\n\tloadMoreButton.addEventListener(\"click\", function() {\r\n\t\tlet shown = 0;\r\n\r\n\t\tfor (let i = 0; i < hiddenHeaders.length; i++) {\r\n\t\t\tif (shown < itemsToShow) {\r\n\t\t\t\thiddenHeaders[i].classList.remove('statics-item-hidden');\r\n\t\t\t\thiddenContents[i].classList.remove('statics-item-hidden');\r\n\t\t\t\tshown++;\r\n\t\t\t} else {\r\n\t\t\t\tbreak;\r\n\t\t\t}\r\n\t\t}\r\n\r\n\t\t\/\/ G\u00fcncellenmi\u015f gizli i\u00e7erikleri tekrar al\r\n\t\thiddenHeaders = document.querySelectorAll('.accordion .accordion-header.statics-item-hidden');\r\n\t\thiddenContents = document.querySelectorAll('.accordion .accordion-content.statics-item-hidden');\r\n\r\n\t\tif (hiddenHeaders.length === 0) {\r\n\t\t\tloadMoreButton.style.display = 'none'; \/\/ T\u00fcm i\u00e7erikler a\u00e7\u0131ld\u0131ysa butonu gizle\r\n\t\t}\r\n\t});\r\n});\r\n\r\n<\/script>\n\n\r\n<section class=\"section-go-back hide-mobile footer-space-pd\">\r\n\t<div class=\"container\">\r\n\t\t<div class=\"row flex align-i-end justify-c-center\">\r\n\t\t\t<div class=\"cl-12\">\r\n\t\t\t\t<a href=\"https:\/\/crotonecruiseport.com\/it\/porto\/\">\r\n\t\t\t\t\t<svg xmlns=\"http:\/\/www.w3.org\/2000\/svg\" width=\"18.142\" height=\"18.142\" viewBox=\"0 0 18.142 18.142\"><g id=\"Icon_Go-Back-arrow-up-right\" data-name=\"Icon feather-arrow-up-right\" transform=\"translate(9.071 30.991) rotate(-135)\"><path id=\"Path_3\" data-name=\"Path 3\" d=\"M10.5,20.5l10-10\" fill=\"none\" stroke=\"#000\" stroke-linecap=\"round\" stroke-linejoin=\"round\" stroke-width=\"2\"\/><path id=\"Path_4\" data-name=\"Path 4\" d=\"M10.5,10.5h10v10\" fill=\"none\" stroke=\"#000\" stroke-linecap=\"round\" stroke-linejoin=\"round\" stroke-width=\"2\"\/><\/g><\/svg>\r\n\t\t\t\t\tGO BACK\t\t\t\t<\/a>\r\n\t\t\t<\/div>\r\n\t\t<\/div>\r\n\t<\/div>\r\n<\/section>","protected":false},"excerpt":{"rendered":"","protected":false},"author":1,"featured_media":0,"parent":5522,"menu_order":64,"comment_status":"closed","ping_status":"closed","template":"","meta":{"_acf_changed":false,"footnotes":""},"class_list":["post-6030","page","type-page","status-publish","hentry"],"acf":[],"_links":{"self":[{"href":"https:\/\/crotonecruiseport.com\/it\/wp-json\/wp\/v2\/pages\/6030","targetHints":{"allow":["GET"]}}],"collection":[{"href":"https:\/\/crotonecruiseport.com\/it\/wp-json\/wp\/v2\/pages"}],"about":[{"href":"https:\/\/crotonecruiseport.com\/it\/wp-json\/wp\/v2\/types\/page"}],"author":[{"embeddable":true,"href":"https:\/\/crotonecruiseport.com\/it\/wp-json\/wp\/v2\/users\/1"}],"replies":[{"embeddable":true,"href":"https:\/\/crotonecruiseport.com\/it\/wp-json\/wp\/v2\/comments?post=6030"}],"version-history":[{"count":8,"href":"https:\/\/crotonecruiseport.com\/it\/wp-json\/wp\/v2\/pages\/6030\/revisions"}],"predecessor-version":[{"id":7010,"href":"https:\/\/crotonecruiseport.com\/it\/wp-json\/wp\/v2\/pages\/6030\/revisions\/7010"}],"up":[{"embeddable":true,"href":"https:\/\/crotonecruiseport.com\/it\/wp-json\/wp\/v2\/pages\/5522"}],"wp:attachment":[{"href":"https:\/\/crotonecruiseport.com\/it\/wp-json\/wp\/v2\/media?parent=6030"}],"curies":[{"name":"wp","href":"https:\/\/api.w.org\/{rel}","templated":true}]}}