{"id":5593,"date":"2024-02-11T22:57:43","date_gmt":"2024-02-11T22:57:43","guid":{"rendered":"https:\/\/crotone.globalcruiseports.com\/transportation\/"},"modified":"2026-02-26T15:36:47","modified_gmt":"2026-02-26T15:36:47","slug":"trasporti","status":"publish","type":"page","link":"https:\/\/crotonecruiseport.com\/it\/trasporti\/","title":{"rendered":"Trasporti"},"content":{"rendered":"\r\n\r\n<section class=\"section page page-bg-light  \">\r\n\t<style>\r\n                .page-header-bg {\r\n                    background-image: url(https:\/\/crotonecruiseport.com\/wp-content\/uploads\/sites\/53\/2025\/05\/Group-216991.png);\r\n                    background-size: cover;\r\n                    background-position: center;\r\n                }\r\n\t\t\t\t.hero-content{\r\n\t\t\t\t    top: 50%;\r\n    \t\t\t\tposition: absolute;\r\n    \t\t\t\ttransform: translateY(-50%);\r\n\t\t\t\t}\r\n              <\/style><div class=\"page-header-bg pr\">\t<div class=\"container w100\">\r\n\t\t<div class=\"row flex hero-content\">\r\n\t\t\t<div class=\"cl-12 page-header\">\r\n\t\t\t\t<h5>Trasporti<\/h5>\r\n\t\t\t\t<h1>Trasporti<\/h1>\r\n\t\t\t<\/div>\r\n\t\t<\/div>\r\n\t<\/div>\r\n\t<\/div>\r\n<\/section>\r\n\r\n<section class=\"section\">\r\n\t<div class=\"schedule-container\">\r\n\t\t<div class=\"container\">\r\n\t\t\t<div class=\"row flex align-i-center justify-c-center\">\r\n\t\t\t\t<div class=\"cl-12\">\r\n\t\t\t\t\t<div class=\"\">\r\n\t\t\t\t\t\t<div class=\"row flex page-sub-menu\">\r\n\t\t\t\t\t\t\t<div class=\"cl-12\">\r\n\t\t\t\t\t\t\t\t<nav class=\"menu-class\"><ul id=\"menu-transportation-parking\" class=\"menu flex align-i-center justify-c-center\"><li id=\"menu-item-1043\" class=\"menu-item menu-item-type-post_type menu-item-object-page menu-item-1043\"><a href=\"https:\/\/crotonecruiseport.com\/transportation\/\">Trasporti<\/a><\/li>\n<li id=\"menu-item-1044\" class=\"menu-item menu-item-type-post_type menu-item-object-page menu-item-1044\"><a href=\"https:\/\/crotonecruiseport.com\/parking\/\">Parcheggio<\/a><\/li>\n<\/ul><\/nav>\t\t\t\t\t\t\t<\/div>\r\n\t\t\t\t\t\t<\/div>\r\n\t\t\t\t\t\t<div class=\"row flex align-i-center\">\r\n\t\t\t\t\t\t\t<div class=\"cl-5\">\r\n\t\t\t\t\t\t\t\t<h2>\r\n\t\t\t\t\t\t\t\t\tLa tua avventura \t\t\t\t\t\t\t\t\t<br>\r\n\t\t\t\t\t\t\t\t\t<span class=\"primary-color\">Inizia Qua<\/span>\r\n\t\t\t\t\t\t\t\t<\/h2>\r\n\t\t\t\t\t\t\t<\/div>\r\n\t\t\t\t\t\t\t<div class=\"cl-7\">\r\n\t\t\t\t\t\t\t\t<p class=\"grey-color\">Raggiungere Crotone \u00e8 semplice! Che tu arrivi in auto, con i mezzi pubblici o con altri mezzi, troverai soluzioni di viaggio comode e ampi parcheggi per garantire un&#8217;esperienza senza intoppi.<\/p>\r\n\t\t\t\t\t\t\t<\/div>\r\n\t\t\t\t\t\t<\/div>\r\n\t\t\t\t\t\t<div class=\"row flex transportation-route-wrapper align-i-center\">\r\n\t\t\t\t\t\t\t<div class=\"cl-4\">\r\n\t\t\t\t\t\t\t\t<h3>Vivi la citt\u00e0 a modo tuo<\/h3>\r\n\t\t\t\t\t\t\t\t<p>Organizza il tuo percorso in citt\u00e0! Che tu stia arrivando o partendo dal porto, potrai muoverti facilmente. Esplora la citt\u00e0 e scopri tutto ci\u00f2 che ha da offrire, con indicazioni chiare per raggiungere ogni destinazione e tornare senza problemi.<\/p>\r\n\r\n\t\t\t\t\t\t\t\t\t\t\t\t\t\t\t\t\t<div class=\"route-form\">\r\n\t\t\t\t\t\t\t\t\t\t<div class=\"route-select start-container\">\r\n\t\t\t\t\t\t\t\t\t\t\t<label>INIZIO<\/label>\r\n\t\t\t\t\t\t\t\t\t\t\t<div class=\"input-container\">\r\n\t\t\t\t\t\t\t\t\t\t\t\t<select class=\"ns2\">\r\n\t\t\t\t\t\t\t\t\t\t\t\t\t<option value=\"Crotone Cruise Port\">Crotone Cruise Port<\/option>\r\n\t\t\t\t\t\t\t\t\t\t\t\t<\/select>\r\n\t\t\t\t\t\t\t\t\t\t\t<\/div>\r\n\r\n\t\t\t\t\t\t\t\t\t\t<\/div>\r\n\t\t\t\t\t\t\t\t\t\t<div class=\"route-switch-row\">\r\n\t\t\t\t\t\t\t\t\t\t\t<span class=\"route-switch primary-bg-color\" onclick=\"switchInputs()\">\r\n\t\t\t\t\t\t\t\t\t\t\t\t<svg xmlns=\"http:\/\/www.w3.org\/2000\/svg\" width=\"10.494\" height=\"13.43\"\r\n\t\t\t\t\t\t\t\t\t\t\t\t\tviewBox=\"0 0 10.494 13.43\">\r\n\t\t\t\t\t\t\t\t\t\t\t\t\t<path id=\"Icon_awesome-exchange-alt\"\r\n\t\t\t\t\t\t\t\t\t\t\t\t\t\tdata-name=\"Icon awesome-exchange-alt\"\r\n\t\t\t\t\t\t\t\t\t\t\t\t\t\td=\"M0,2.939v-.42a.63.63,0,0,1,.63-.63h9.443V.63A.63.63,0,0,1,11.147.185l2.1,2.1a.63.63,0,0,1,0,.89l-2.1,2.1a.63.63,0,0,1-1.075-.445V3.568H.63A.63.63,0,0,1,0,2.939ZM12.8,6.926H3.358V5.667a.63.63,0,0,0-1.075-.445l-2.1,2.1a.63.63,0,0,0,0,.89l2.1,2.1a.63.63,0,0,0,1.075-.445V8.6H12.8a.63.63,0,0,0,.63-.63v-.42A.63.63,0,0,0,12.8,6.926Z\"\r\n\t\t\t\t\t\t\t\t\t\t\t\t\t\ttransform=\"translate(10.494) rotate(90)\" fill=\"#fff\"><\/path>\r\n\t\t\t\t\t\t\t\t\t\t\t\t<\/svg>\r\n\t\t\t\t\t\t\t\t\t\t\t<\/span>\r\n\t\t\t\t\t\t\t\t\t\t<\/div>\r\n\t\t\t\t\t\t\t\t\t\t<div class=\"route-select finish-container\">\r\n\t\t\t\t\t\t\t\t\t\t\t<label>FINE<\/label>\r\n\t\t\t\t\t\t\t\t\t\t\t<div class=\"input-container\">\r\n\t\t\t\t\t\t\t\t\t\t\t\t<input type=\"text\" class=\"transportation-text\" placeholder=\"\">\r\n\t\t\t\t\t\t\t\t\t\t\t<\/div>\r\n\r\n\t\t\t\t\t\t\t\t\t\t<\/div>\r\n\t\t\t\t\t\t\t\t\t\t<div class=\"route-draw\">\r\n\t\t\t\t\t\t\t\t\t\t\t<span class=\"primary-color\" onclick=\"drawRoutePage1()\" style=\"cursor:pointer\">\r\n\t\t\t\t\t\t\t\t\t\t\t\tCREA PERCORSO\t\t\t\t\t\t\t\t\t\t\t\t<svg xmlns=\"http:\/\/www.w3.org\/2000\/svg\" width=\"12.828\" height=\"12.829\"\r\n\t\t\t\t\t\t\t\t\t\t\t\t\tviewBox=\"0 0 12.828 12.829\" class=\"primary-stroke\">\r\n\t\t\t\t\t\t\t\t\t\t\t\t\t<g id=\"Icon_feather-arrow-up-right\"\r\n\t\t\t\t\t\t\t\t\t\t\t\t\t\tdata-name=\"Icon feather-arrow-up-right\"\r\n\t\t\t\t\t\t\t\t\t\t\t\t\t\ttransform=\"translate(-9.086 -9.086)\">\r\n\t\t\t\t\t\t\t\t\t\t\t\t\t\t<path id=\"Path_3\" data-name=\"Path 3\" d=\"M10.5,20.5l10-10\"\r\n\t\t\t\t\t\t\t\t\t\t\t\t\t\t\tfill=\"none\" class=\"primary-stroke\" stroke-linecap=\"round\"\r\n\t\t\t\t\t\t\t\t\t\t\t\t\t\t\tstroke-linejoin=\"round\" stroke-width=\"2\"><\/path>\r\n\t\t\t\t\t\t\t\t\t\t\t\t\t\t<path id=\"Path_4\" data-name=\"Path 4\" d=\"M10.5,10.5h10v10\"\r\n\t\t\t\t\t\t\t\t\t\t\t\t\t\t\tfill=\"none\" class=\"primary-stroke\" stroke-linecap=\"round\"\r\n\t\t\t\t\t\t\t\t\t\t\t\t\t\t\tstroke-linejoin=\"round\" stroke-width=\"2\"><\/path>\r\n\t\t\t\t\t\t\t\t\t\t\t\t\t<\/g>\r\n\t\t\t\t\t\t\t\t\t\t\t\t<\/svg>\r\n\t\t\t\t\t\t\t\t\t\t\t<\/span>\r\n\t\t\t\t\t\t\t\t\t\t<\/div>\r\n\t\t\t\t\t\t\t\t\t<\/div>\r\n\t\t\t\t\t\t\t\t\r\n\r\n\r\n\r\n\r\n\t\t\t\t\t\t\t<\/div>\r\n\t\t\t\t\t\t\t<div class=\"cl-7 offset-1\">\r\n\t\t\t\t\t\t\t\t<img decoding=\"async\" src=\"https:\/\/crotonecruiseport.com\/wp-content\/uploads\/sites\/53\/2024\/04\/transportation-route.jpg\" class=\"w100\" alt=\"\" \/>\r\n\t\t\t\t\t\t\t<\/div>\r\n\t\t\t\t\t\t<\/div>\r\n\t\t\t\t\t<\/div>\r\n\t\t\t\t<\/div>\r\n\t\t\t<\/div>\r\n\t\t<\/div>\r\n\t<\/div>\r\n<\/section>\r\n\r\n<script>\r\n  window.countryCode = \"IT\";\r\n<\/script>\r\n\r\n<script>\r\n\tfunction switchInputs1() {\r\n\t\tconst startContainer = document.getElementById(\"startContainerUnique\");\r\n\t\tconst finishContainer = document.getElementById(\"finishContainerUnique\");\r\n\r\n\t\t\/\/ `startContainer` ve `finishContainer` \u00f6\u011felerinin yerlerini de\u011fi\u015ftirin\r\n\t\tconst temp = document.createElement(\"div\");\r\n\t\tstartContainer.parentNode.insertBefore(temp, startContainer);\r\n\t\tfinishContainer.parentNode.insertBefore(startContainer, finishContainer);\r\n\t\ttemp.parentNode.insertBefore(finishContainer, temp);\r\n\t\ttemp.remove();\r\n\t}\r\n<\/script>\r\n\r\n\r\n<style>\r\n\t.ns2 {\r\n\t\t\/* Genel g\u00f6r\u00fcn\u00fcm ayarlar\u0131 *\/\r\n\t\tappearance: none;\r\n\t\t\/* Taray\u0131c\u0131 varsay\u0131lan okunu kald\u0131r\u0131r *\/\r\n\t\t-webkit-appearance: none;\r\n\t\t\/* Safari uyumu i\u00e7in *\/\r\n\t\t-moz-appearance: none;\r\n\t\t\/* Firefox uyumu i\u00e7in *\/\r\n\t\tbackground-image: url(data:image\/svg+xml;charset=US-ASCII,%3Csvg%20xmlns%3D%22http%3A%2F%2Fwww.w3.org%2F2000%2Fsvg%22%20width%3D%22292.4%22%20height%3D%22292.4%22%3E%3Cpath%20fill%3D%22%23131313%22%20d%3D%22M287%2069.4a17.6%2017.6%200%200%200-13-5.4H18.4c-5%200-9.3%201.8-12.9%205.4A17.6%2017.6%200%200%200%200%2082.2c0%205%201.8%209.3%205.4%2012.9l128%20127.9c3.6%203.6%207.8%205.4%2012.8%205.4s9.2-1.8%2012.8-5.4L287%2095c3.5-3.5%205.4-7.8%205.4-12.8%200-5-1.9-9.2-5.5-12.8z%22%2F%3E%3C%2Fsvg%3E);\r\n\t\tbackground-repeat: no-repeat;\r\n\t\tbackground-position: right 0.7rem top 50%;\r\n\t\tbackground-size: 0.65rem auto;\r\n\t}\r\n<\/style>\n\n\r\n<style>\r\n\t.section-travel-options .page-header-bg {\r\n\t\tbackground-image: url(https:\/\/crotonecruiseport.com\/wp-content\/uploads\/sites\/53\/2025\/05\/Group-177635.png);\r\n\t}\r\n<\/style>\r\n\r\n<section class=\"section section-travel-options page page-bg-light \"\r\n\tid=\"transportation-options\">\r\n\t<div class=\"page-header-bg flex align-i-start justify-c-start\">\r\n\t\t<div class=\"container w100\">\r\n\t\t\t<div class=\"row flex\">\r\n\t\t\t\t<div class=\"cl-12 page-header\">\r\n\t\t\t\t\t<h1>Pianifica il tuo Viaggio<\/h1>\r\n\t\t\t\t\t<p>Esplora i tanti modi per scoprire tutto ci\u00f2 che Taranto ha da offrire! Dai taxi ai trasporti pubblici, fino alle opzioni di noleggio, ci sono molti modi per spostarsi e ammirare le attrazioni.<\/p>\r\n\t\t\t\t<\/div>\r\n\t\t\t<\/div>\r\n\t\t<\/div>\r\n\t<\/div>\r\n\t<div class=\"page-content-wrapper\">\r\n\t\t<div class=\"container\">\r\n\t\t\t<div class=\"row flex align-i-center justify-c-center\">\r\n\t\t\t\t<div class=\"cl-10\">\r\n\t\t\t\t\t<div class=\"page-bg-white\">\r\n\t\t\t\t\t\t<div class=\"row flex flex-col travel-options-content\" id=\"terminal-location\">\r\n\t\t\t\t\t\t\t<div class=\"map-title\">\r\n\t\t\t\t\t\t\t\tOpzioni di trasporto\t\t\t\t\t\t\t<\/div>\r\n\r\n\t\t\t\t\t\t\t<div class=\"map-icons\">\r\n\t\t\t\t\t\t\t\t\t\t\t\t\t\t\t\t\t\t\t\t<div class=\"icon\">\r\n\t\t\t\t\t\t\t\t\t\t\t\t\t<span class=\"icon-image\"\r\n\t\t\t\t\t\t\t\t\t\t\t\t\t\tstyle=\"background-color:#2a8fce\">\r\n\t\t\t\t\t\t\t\t\t\t\t\t\t\t<img decoding=\"async\" src=\"https:\/\/nassaucruiseport.com\/wp-content\/uploads\/sites\/30\/2024\/10\/Group-164904.png\"\r\n\t\t\t\t\t\t\t\t\t\t\t\t\t\t\talt=\"Aeroporto\" \/>\r\n\t\t\t\t\t\t\t\t\t\t\t\t\t<\/span>\r\n\t\t\t\t\t\t\t\t\t\t\t\t\t<p style=\"color:#2a8fce\">\r\n\t\t\t\t\t\t\t\t\t\t\t\t\t\tAeroporto\r\n\t\t\t\t\t\t\t\t\t\t\t\t\t<\/p>\r\n\r\n\t\t\t\t\t\t\t\t\t\t\t\t<\/div>\r\n\t\t\t\t\t\t\t\t\t\t\t\t\t\t\t\t\t\t\t\t\t\t\t\t<div class=\"icon\">\r\n\t\t\t\t\t\t\t\t\t\t\t\t\t<span class=\"icon-image\"\r\n\t\t\t\t\t\t\t\t\t\t\t\t\t\tstyle=\"background-color:#14499F\">\r\n\t\t\t\t\t\t\t\t\t\t\t\t\t\t<img decoding=\"async\" src=\"https:\/\/nassaucruiseport.com\/wp-content\/uploads\/sites\/30\/2024\/10\/anchor_16dp_5F6368_FILL1_wght400_GRAD0_opsz20.png\"\r\n\t\t\t\t\t\t\t\t\t\t\t\t\t\t\talt=\"Terminal\" \/>\r\n\t\t\t\t\t\t\t\t\t\t\t\t\t<\/span>\r\n\t\t\t\t\t\t\t\t\t\t\t\t\t<p style=\"color:#14499F\">\r\n\t\t\t\t\t\t\t\t\t\t\t\t\t\tTerminal\r\n\t\t\t\t\t\t\t\t\t\t\t\t\t<\/p>\r\n\r\n\t\t\t\t\t\t\t\t\t\t\t\t<\/div>\r\n\t\t\t\t\t\t\t\t\t\t\t\t\t\t\t\t\t\t\t<\/div>\r\n\r\n\r\n\r\n\r\n\r\n\r\n\r\n\r\n\r\n\r\n\r\n\t\t\t\t\t\t\t<section class=\"travel-port\">\r\n\t\t\t\t\t\t\t\t<div class=\"container\">\r\n\t\t\t\t\t\t\t\t\t<div class=\"row flex page-content justify-c-center\">\r\n\t\t\t\t\t\t\t\t\t\t<div class=\"cl-12 posts-map-wrapper\">\r\n\t\t\t\t\t\t\t\t\t\t\t<div id=\"map\"><\/div>\r\n\t\t\t\t\t\t\t\t\t\t<\/div>\r\n\t\t\t\t\t\t\t\t\t<\/div>\r\n\t\t\t\t\t\t\t\t<\/div>\r\n\t\t\t\t\t\t\t<\/section>\r\n\t\t\t\t\t\t\t<style>\r\n\t\t\t\t\t\t\t\t.map-content a::after {\r\n\t\t\t\t\t\t\t\t\tdisplay: none;\r\n\t\t\t\t\t\t\t\t}\r\n\t\t\t\t\t\t\t<\/style>\r\n\t\t\t\t\t\t\t<div class=\"map-content\">\r\n\t\t\t\t\t\t\t\t<p>Crotone Cruise Port si trova nelle vicinanze del centro storico, cuore pulsante della citt\u00e0, permettendo cos\u00ec ai passeggeri di ammirare fin da subito le bellezze architettoniche e di essere vicini ai principali mezzi di trasporto urbani ed extraurbani.<\/p>\n<p>Come raggiungere il Crotone Cruise Port dall&#8217;aeroporto?<\/p>\n<p>Gli aeroporti pi\u00f9 vicini a Crotone sono tre:<\/p>\n<p>Aeroporto di Crotone &#8220;Sant&#8217;Anna&#8221;, a 6 km<\/p>\n<p>Aeroporto di Lamezia Terme, a 120 km<\/p>\n<p>Da ciascuno di essi \u00e8 possibile raggiungere Crotone con autobus, servizi dedicati, auto privata, taxi o NCC.<\/p>\n\t\t\t\t\t\t\t<\/div>\r\n\t\t\t\t\t\t<\/div>\r\n\t\t\t\t\t<\/div>\r\n\t\t\t\t<\/div>\r\n\t\t\t<\/div>\r\n\t\t<\/div>\r\n\t<\/div>\r\n<\/section>\r\n\r\n\r\n<script>\r\n\tfunction initMap() {\r\n\t\tconst markers = [\r\n\t\t\t\t\t\t\t\t\t\t\t\t{\r\n\t\t\t\t\t\t\tposition: {\r\n\t\t\t\t\t\t\t\tlat: 38.99474958473605,\r\n\t\t\t\t\t\t\t\tlng: 17.077335299999895\t\t\t\t\t\t\t},\r\n\t\t\t\t\t\t\ttitle: \"Aeroporto \",\r\n\t\t\t\t\t\t\ticon: {\r\n\t\t\t\t\t\t\t\turl: 'data:image\/svg+xml;charset=UTF-8,' + encodeURIComponent(`\r\n\t\t\t\t\t\t<svg xmlns=\"http:\/\/www.w3.org\/2000\/svg\" width=\"30\" height=\"30\" viewBox=\"0 0 30 30\">\r\n\t\t\t\t\t\t\t<circle cx=\"15\" cy=\"15\" r=\"15\" fill=\"#2a8fce\" \/>\r\n\t\t\t\t\t\t\t<image href=\"data:image\/png;base64,iVBORw0KGgoAAAANSUhEUgAAAA4AAAAOCAYAAAAfSC3RAAAACXBIWXMAAAsTAAALEwEAmpwYAAAAAXNSR0IArs4c6QAAAARnQU1BAACxjwv8YQUAAACrSURBVHgBrZBhDcIwEIUbDDAH1AFzsDoAFAwHSEACOKgEJCABCZVQCccruSUvzbFuyV7y\/tze19075wyJSA9nOMGdldk5Wye4AB7erwGb2g7UToFGF9cSoKAHqRVhbwEd\/JR5JXhkqBf7L\/\/0+NWphm\/4ph8nBV010SwWMGtwoC3uFDrQ\/KqPx+mKdecXgeOSq3r4I0avFhg1mHUlfmSYA88lwOvrFqXbkbNf3VVGCDbEUy4AAAAASUVORK5CYII=\" x=\"8\" y=\"8\" height=\"14\" width=\"14\" \/>\r\n\t\t\t\t\t\t<\/svg>\r\n\t\t\t\t\t`),\r\n\t\t\t\t\t\t\t\tscaledSize: new google.maps.Size(30, 30),\r\n\t\t\t\t\t\t\t\tanchor: new google.maps.Point(15, 15)\r\n\t\t\t\t\t\t\t},\r\n\t\t\t\t\t\t\tcontent: \"<div class='custom-info-window'><h3>Aeroporto <\/h3><\/div>\"\r\n\t\t\t\t\t\t},\r\n\t\t\t\t\t\t\t\t\t\t\t\t\t\t\t{\r\n\t\t\t\t\t\t\tposition: {\r\n\t\t\t\t\t\t\t\tlat: 39.08362061204823,\r\n\t\t\t\t\t\t\t\tlng: 17.133375879140846\t\t\t\t\t\t\t},\r\n\t\t\t\t\t\t\ttitle: \"Terminal\",\r\n\t\t\t\t\t\t\ticon: {\r\n\t\t\t\t\t\t\t\turl: 'data:image\/svg+xml;charset=UTF-8,' + encodeURIComponent(`\r\n\t\t\t\t\t\t<svg xmlns=\"http:\/\/www.w3.org\/2000\/svg\" width=\"30\" height=\"30\" viewBox=\"0 0 30 30\">\r\n\t\t\t\t\t\t\t<circle cx=\"15\" cy=\"15\" r=\"15\" fill=\"#2a8fce\" \/>\r\n\t\t\t\t\t\t\t<image href=\"data:image\/png;base64,iVBORw0KGgoAAAANSUhEUgAAAA8AAAAQCAYAAADJViUEAAAACXBIWXMAAAsTAAALEwEAmpwYAAAAAXNSR0IArs4c6QAAAARnQU1BAACxjwv8YQUAAADfSURBVHgBlVPREYIwDG09\/2UD2EBHcIRuIBuIE+gGjOAodQPOCYQJ0Alqgi93FSOFd5cLafOavLQYoyCEUJH1sIuZC0p24YMrjHGYSz6CkCFm1FruWlm7wzdEavF9MwtbZ72PqZZXCnFP7knWwne8JjJSVf8h15KLUZzDWLOXeJSTDZ1AV6EcykSvFQMnZ81M5KAyaUmOXAPO18A2Jo0tmQzuJe31ivaftqF1uEKpfMKe17RHRN7zqFzGGzsMQd60w7QbfNfRj+LUk8nK6JAYTDqPH4qdaFHutrXWdlreG5eTLhW9Zne7AAAAAElFTkSuQmCC\" x=\"8\" y=\"8\" height=\"14\" width=\"14\" \/>\r\n\t\t\t\t\t\t<\/svg>\r\n\t\t\t\t\t`),\r\n\t\t\t\t\t\t\t\tscaledSize: new google.maps.Size(30, 30),\r\n\t\t\t\t\t\t\t\tanchor: new google.maps.Point(15, 15)\r\n\t\t\t\t\t\t\t},\r\n\t\t\t\t\t\t\tcontent: \"<div class='custom-info-window'><h3>Terminal<\/h3><\/div>\"\r\n\t\t\t\t\t\t},\r\n\t\t\t\t\t\t\t\t];\r\n\r\n\t\tconst map = new google.maps.Map(document.getElementById('map'), {\r\n\t\t\tzoom: 15,\r\n\t\t\tcenter: {\r\n\t\t\t\tlat: 39.08362061204823,\r\n\t\t\t\tlng: 17.133375879140846\t\t\t},\r\n\t\t\tmapTypeControl: false,\r\n\t\t\tstreetViewControl: false,\r\n\t\t\tfullscreenControl: false\r\n\t\t});\r\n\r\n\t\t\/\/ Marker'lar\u0131 haritaya yerle\u015ftir\r\n\t\tmarkers.forEach(markerInfo => {\r\n\t\t\tconst marker = new google.maps.Marker({\r\n\t\t\t\tposition: markerInfo.position,\r\n\t\t\t\tmap: map,\r\n\t\t\t\ttitle: markerInfo.title,\r\n\t\t\t\ticon: markerInfo.icon\r\n\t\t\t});\r\n\r\n\t\t\tconst infoWindow = new google.maps.InfoWindow();\r\n\r\n\t\t\tmarker.addListener('click', function () {\r\n\t\t\t\tinfoWindow.setContent(markerInfo.content);\r\n\t\t\t\tinfoWindow.open(map, marker);\r\n\t\t\t});\r\n\t\t});\r\n\t}\r\n<\/script>\r\n\r\n<!-- Google Maps API \u00e7a\u011fr\u0131s\u0131 - defer ile ve do\u011fru callback -->\r\n<script\r\n\tsrc=\"https:\/\/maps.googleapis.com\/maps\/api\/js?key=AIzaSyAiy3-Ce7Evc5Jf0Kmi9ao8kE4I8tGL1xs&#038;libraries=places&#038;callback=initMap\"\r\n\tdefer>\r\n\t<\/script>\r\n\r\n\r\n<style>\r\n\t.posts-map-wrapper #map {\r\n\t\theight: 26.25rem;\r\n\t}\r\n\r\n\t.custom-info-window h3 {\r\n\t\tmargin-bottom: 0;\r\n\t}\r\n\r\n\t.posts-map-view-wrapper {\r\n\t\tmargin-left: -1rem;\r\n\t}\r\n\t#terminal-location ul{\r\n\t\tlist-style-type: disc;\r\n\t\tpadding-left: 1.5rem;\r\n\t\tpadding-top: 0.4rem;\r\n\t\tcolor: #707070;\r\n\t}\r\n<\/style>\n\n\r\n<section class=\"section section-accordion section-tips-acc \">\r\n\t<div class=\"container\">\r\n\t\t<div class=\"row flex section-header\">\r\n\t\t\t<div class=\"cl-4\">\r\n\t\t\t\t<h2>\r\n\t\t\t\t\tConsigli di Viaggio\t\t\t\t\t<br>\r\n\t\t\t\t\t<span class=\"primary-color\">per Crotone<\/span>\r\n\t\t\t\t<\/h2>\r\n\t\t\t<\/div>\r\n\t\t\t<div class=\"cl-7 offset-1\">\r\n\t\t\t\t<p class=\"grey-color\">Pronto per una visita a Crotone?\r\nEcco alcuni consigli che ogni viaggiatore alla prima esperienza in citt\u00e0 dovrebbe conoscere:<\/p>\r\n\t\t\t<\/div>\r\n\t\t<\/div>\r\n\t\t<div class=\"row flex section-accoridon-content accordion\">\r\n\t\t\t<div class=\"cl-4 accordion-left\">\r\n\t\t\t\t\t\t\t\t\t<div class=\"accordion-header active\">\r\n\t\t\t\t\t<span>Qual \u00e8 il periodo migliore per visitare Crotone?<\/span>\r\n\t\t\t\t\t\t<div class=\"hide-mobile accordion-right\">\r\n\t\t\t\t\t\t\t<div class=\"travel-tips-accordion-content accordion-content mobile-accordion-content active\">\r\n\t\t\t\t\t\t\t\tIl periodo migliore per visitare Crotone va dalla tarda primavera all\u2019inizio dell\u2019autunno, in particolare tra maggio e settembre. In questi mesi il clima \u00e8 caldo e soleggiato, ideale per esplorare la citt\u00e0 storica, godersi le spiagge e partecipare ad attivit\u00e0 all\u2019aperto. Luglio e agosto sono i mesi di maggiore afflusso turistico e con temperature pi\u00f9 alte, mentre maggio, giugno e settembre offrono un clima piacevole con meno folla.\t\t\t\t\t\t\t<\/div>\r\n\t\t\t\t\t\t<\/div>\r\n\t\t\t\t\t<\/div>\r\n\t\t\t\t\t\t\t\t\t<div class=\"accordion-header \">\r\n\t\t\t\t\t<span>Qual \u00e8 il modo migliore per raggiungere il centro citt\u00e0 dal Crotone Cruise Port?<\/span>\r\n\t\t\t\t\t\t<div class=\"hide-mobile accordion-right\">\r\n\t\t\t\t\t\t\t<div class=\"travel-tips-accordion-content accordion-content mobile-accordion-content \">\r\n\t\t\t\t\t\t\t\tCrotone \u00e8 una citt\u00e0 compatta e facile da esplorare, e la posizione centrale del Crotone Cruise Port permette ai visitatori di muoversi comodamente a piedi, raggiungendo i principali punti di interesse, come la storica Piazza Pitagora e il vicino centro storico. Sono inoltre disponibili autobus pubblici, con diverse fermate lungo le strade che circondano l\u2019area del porto, offrendo collegamenti comodi verso le altre zone della citt\u00e0.\t\t\t\t\t\t\t<\/div>\r\n\t\t\t\t\t\t<\/div>\r\n\t\t\t\t\t<\/div>\r\n\t\t\t\t\t\t\t\t\t<div class=\"accordion-header \">\r\n\t\t\t\t\t<span>Cosa posso trovare nel terminal?<\/span>\r\n\t\t\t\t\t\t<div class=\"hide-mobile accordion-right\">\r\n\t\t\t\t\t\t\t<div class=\"travel-tips-accordion-content accordion-content mobile-accordion-content \">\r\n\t\t\t\t\t\t\t\tIl terminal ospita il controllo di sicurezza, il check-in e l\u2019area retail. \u00c8 presente anche un Guest Information Center (GIC), che offre diversi servizi ai passeggeri, oltre a un punto informazioni sempre aperto.\t\t\t\t\t\t\t<\/div>\r\n\t\t\t\t\t\t<\/div>\r\n\t\t\t\t\t<\/div>\r\n\t\t\t\t\t\t\t\t\t<div class=\"accordion-header \">\r\n\t\t\t\t\t<span>C&#8217;\u00e8 un servizio di assistenza PRM?<\/span>\r\n\t\t\t\t\t\t<div class=\"hide-mobile accordion-right\">\r\n\t\t\t\t\t\t\t<div class=\"travel-tips-accordion-content accordion-content mobile-accordion-content \">\r\n\t\t\t\t\t\t\t\tTutte le aree gestite da Crotone Cruise Port sono accessibili ai PRM.\r\n\r\n\u00c8 disponibile anche un servizio di noleggio sedie a rotelle e, su richiesta un servizio di assistenza personalizzato.\t\t\t\t\t\t\t<\/div>\r\n\t\t\t\t\t\t<\/div>\r\n\t\t\t\t\t<\/div>\r\n\t\t\t\t\t\t\t\t\t<div class=\"accordion-header \">\r\n\t\t\t\t\t<span>Posso depositare i miei bagagli al porto?<\/span>\r\n\t\t\t\t\t\t<div class=\"hide-mobile accordion-right\">\r\n\t\t\t\t\t\t\t<div class=\"travel-tips-accordion-content accordion-content mobile-accordion-content \">\r\n\t\t\t\t\t\t\t\tNo, non \u00e8 possibile. Non \u00e8 presente alcun deposito bagagli al porto.\t\t\t\t\t\t\t<\/div>\r\n\t\t\t\t\t\t<\/div>\r\n\t\t\t\t\t<\/div>\r\n\t\t\t\t\t\t\t<\/div>\r\n\t\t\t<div class=\"cl-7 offset-1 accordion-right hide-desktop\">\r\n\t\t\t\t\t\t\t\t\t<div class=\"travel-tips-accordion-content accordion-content desktop-accordion-content active\">\r\n\t\t\t\t\t\tIl periodo migliore per visitare Crotone va dalla tarda primavera all\u2019inizio dell\u2019autunno, in particolare tra maggio e settembre. In questi mesi il clima \u00e8 caldo e soleggiato, ideale per esplorare la citt\u00e0 storica, godersi le spiagge e partecipare ad attivit\u00e0 all\u2019aperto. Luglio e agosto sono i mesi di maggiore afflusso turistico e con temperature pi\u00f9 alte, mentre maggio, giugno e settembre offrono un clima piacevole con meno folla.\t\t\t\t\t<\/div>\r\n\t\t\t\t\t\t\t\t\t<div class=\"travel-tips-accordion-content accordion-content desktop-accordion-content \">\r\n\t\t\t\t\t\tCrotone \u00e8 una citt\u00e0 compatta e facile da esplorare, e la posizione centrale del Crotone Cruise Port permette ai visitatori di muoversi comodamente a piedi, raggiungendo i principali punti di interesse, come la storica Piazza Pitagora e il vicino centro storico. Sono inoltre disponibili autobus pubblici, con diverse fermate lungo le strade che circondano l\u2019area del porto, offrendo collegamenti comodi verso le altre zone della citt\u00e0.\t\t\t\t\t<\/div>\r\n\t\t\t\t\t\t\t\t\t<div class=\"travel-tips-accordion-content accordion-content desktop-accordion-content \">\r\n\t\t\t\t\t\tIl terminal ospita il controllo di sicurezza, il check-in e l\u2019area retail. \u00c8 presente anche un Guest Information Center (GIC), che offre diversi servizi ai passeggeri, oltre a un punto informazioni sempre aperto.\t\t\t\t\t<\/div>\r\n\t\t\t\t\t\t\t\t\t<div class=\"travel-tips-accordion-content accordion-content desktop-accordion-content \">\r\n\t\t\t\t\t\tTutte le aree gestite da Crotone Cruise Port sono accessibili ai PRM.\r\n\r\n\u00c8 disponibile anche un servizio di noleggio sedie a rotelle e, su richiesta un servizio di assistenza personalizzato.\t\t\t\t\t<\/div>\r\n\t\t\t\t\t\t\t\t\t<div class=\"travel-tips-accordion-content accordion-content desktop-accordion-content \">\r\n\t\t\t\t\t\tNo, non \u00e8 possibile. Non \u00e8 presente alcun deposito bagagli al porto.\t\t\t\t\t<\/div>\r\n\t\t\t\t\t\t\t<\/div>\r\n\t\t<\/div>\r\n\t<\/div>\r\n<\/section>","protected":false},"excerpt":{"rendered":"","protected":false},"author":1,"featured_media":0,"parent":0,"menu_order":68,"comment_status":"closed","ping_status":"closed","template":"","meta":{"_acf_changed":false,"footnotes":""},"class_list":["post-5593","page","type-page","status-publish","hentry"],"acf":[],"_links":{"self":[{"href":"https:\/\/crotonecruiseport.com\/it\/wp-json\/wp\/v2\/pages\/5593","targetHints":{"allow":["GET"]}}],"collection":[{"href":"https:\/\/crotonecruiseport.com\/it\/wp-json\/wp\/v2\/pages"}],"about":[{"href":"https:\/\/crotonecruiseport.com\/it\/wp-json\/wp\/v2\/types\/page"}],"author":[{"embeddable":true,"href":"https:\/\/crotonecruiseport.com\/it\/wp-json\/wp\/v2\/users\/1"}],"replies":[{"embeddable":true,"href":"https:\/\/crotonecruiseport.com\/it\/wp-json\/wp\/v2\/comments?post=5593"}],"version-history":[{"count":5,"href":"https:\/\/crotonecruiseport.com\/it\/wp-json\/wp\/v2\/pages\/5593\/revisions"}],"predecessor-version":[{"id":6971,"href":"https:\/\/crotonecruiseport.com\/it\/wp-json\/wp\/v2\/pages\/5593\/revisions\/6971"}],"wp:attachment":[{"href":"https:\/\/crotonecruiseport.com\/it\/wp-json\/wp\/v2\/media?parent=5593"}],"curies":[{"name":"wp","href":"https:\/\/api.w.org\/{rel}","templated":true}]}}